{"id":17818,"date":"2025-02-27T11:28:45","date_gmt":"2025-02-27T11:28:45","guid":{"rendered":"https:\/\/farmaciamestrepuig.com\/avis-legal\/"},"modified":"2025-02-27T13:32:36","modified_gmt":"2025-02-27T13:32:36","slug":"avis-legal","status":"publish","type":"page","link":"https:\/\/www.farmaciamestrepuig.com\/ca\/avis-legal\/","title":{"rendered":"Av\u00eds legal"},"content":{"rendered":"\t\t<div data-elementor-type=\"wp-page\" data-elementor-id=\"17818\" class=\"elementor elementor-17818 elementor-17250\" data-elementor-post-type=\"page\">\n\t\t\t\t\t\t<section class=\"elementor-section elementor-top-section elementor-element elementor-element-e9d963a elementor-section-full_width elementor-section-stretched page-title-section elementor-section-height-default elementor-section-height-default\" data-id=\"e9d963a\" data-element_type=\"section\" data-settings=\"{&quot;stretch_section&quot;:&quot;section-stretched&quot;,&quot;background_background&quot;:&quot;classic&quot;}\">\n\t\t\t\t\t\t\t<div class=\"elementor-background-overlay\"><\/div>\n\t\t\t\t\t\t\t<div class=\"elementor-container elementor-column-gap-no\">\n\t\t\t\t\t<div class=\"elementor-column elementor-col-100 elementor-top-column elementor-element elementor-element-0a41e5e\" data-id=\"0a41e5e\" data-element_type=\"column\">\n\t\t\t<div class=\"elementor-widget-wrap elementor-element-populated\">\n\t\t\t\t\t\t<section class=\"elementor-section elementor-inner-section elementor-element elementor-element-c203184 page-title bg-transparent elementor-section-boxed elementor-section-height-default elementor-section-height-default\" data-id=\"c203184\" data-element_type=\"section\">\n\t\t\t\t\t\t<div class=\"elementor-container elementor-column-gap-extended\">\n\t\t\t\t\t<div class=\"elementor-column elementor-col-100 elementor-inner-column elementor-element elementor-element-6611dd5\" data-id=\"6611dd5\" data-element_type=\"column\">\n\t\t\t<div class=\"elementor-widget-wrap elementor-element-populated\">\n\t\t\t\t\t\t<div class=\"elementor-element elementor-element-8f0bc45 mb-0 elementor-widget elementor-widget-text-editor\" data-id=\"8f0bc45\" data-element_type=\"widget\" data-widget_type=\"text-editor.default\">\n\t\t\t\t<div class=\"elementor-widget-container\">\n\t\t\t\t\t\t\t\t\t<h1>Av\u00eds legal<\/h1><ul class=\"ps-0\"><li><a class=\"os-font text-white\" href=\"https:\/\/www.farmaciamestrepuig.com\/ca\/\">Inici<\/a><\/li><li class=\"os-font\">Av\u00eds legal<\/li><\/ul>\t\t\t\t\t\t\t\t<\/div>\n\t\t\t\t<\/div>\n\t\t\t\t\t<\/div>\n\t\t<\/div>\n\t\t\t\t\t<\/div>\n\t\t<\/section>\n\t\t\t\t<div class=\"elementor-element elementor-element-28ae2b8 elementor-widget__width-auto elementor-absolute mb-0 elementor-widget elementor-widget-text-editor\" data-id=\"28ae2b8\" data-element_type=\"widget\" data-settings=\"{&quot;_position&quot;:&quot;absolute&quot;}\" data-widget_type=\"text-editor.default\">\n\t\t\t\t<div class=\"elementor-widget-container\">\n\t\t\t\t\t\t\t\t\t<div class=\"d-inline-block p-2 border border-width-2 border-white ani-move rounded-circle z-index-1\"><\/div>\t\t\t\t\t\t\t\t<\/div>\n\t\t\t\t<\/div>\n\t\t\t\t<div class=\"elementor-element elementor-element-13826f6 elementor-widget__width-auto elementor-absolute ani-top-bottom elementor-widget elementor-widget-image\" data-id=\"13826f6\" data-element_type=\"widget\" data-settings=\"{&quot;_position&quot;:&quot;absolute&quot;}\" data-widget_type=\"image.default\">\n\t\t\t\t<div class=\"elementor-widget-container\">\n\t\t\t\t\t\t\t\t\t\t\t\t\t\t\t<img decoding=\"async\" src=\"https:\/\/www.farmaciamestrepuig.com\/wp-content\/uploads\/2022\/02\/shape5.png\" title=\"shape5\" alt=\"shape5\" loading=\"lazy\" \/>\t\t\t\t\t\t\t\t\t\t\t\t\t\t\t<\/div>\n\t\t\t\t<\/div>\n\t\t\t\t\t<\/div>\n\t\t<\/div>\n\t\t\t\t\t<\/div>\n\t\t<\/section>\n\t\t\t\t<section class=\"elementor-section elementor-top-section elementor-element elementor-element-09634b1 elementor-section-stretched elementor-section-boxed elementor-section-height-default elementor-section-height-default\" data-id=\"09634b1\" data-element_type=\"section\" data-settings=\"{&quot;stretch_section&quot;:&quot;section-stretched&quot;}\">\n\t\t\t\t\t\t<div class=\"elementor-container elementor-column-gap-extended\">\n\t\t\t\t\t<div class=\"elementor-column elementor-col-100 elementor-top-column elementor-element elementor-element-6e0f4fb ps-xl-3\" data-id=\"6e0f4fb\" data-element_type=\"column\">\n\t\t\t<div class=\"elementor-widget-wrap elementor-element-populated\">\n\t\t\t\t\t\t<div class=\"elementor-element elementor-element-b435a88 elementor-widget elementor-widget-text-editor\" data-id=\"b435a88\" data-element_type=\"widget\" data-widget_type=\"text-editor.default\">\n\t\t\t\t<div class=\"elementor-widget-container\">\n\t\t\t\t\t\t\t\t\t<h2 data-start=\"221\" data-end=\"257\"><strong data-start=\"224\" data-end=\"257\">1. IDENTIFICACI\u00d3 DEL TITULAR<\/strong><\/h2><p data-start=\"259\" data-end=\"466\">En compliment amb el que estableix la <strong data-start=\"300\" data-end=\"414\">Llei 34\/2002, d&#8217;11 de juliol, de Serveis de la Societat de la Informaci\u00f3 i de Comer\u00e7 Electr\u00f2nic (LSSI-CE)<\/strong> , s&#8217;informa els usuaris de les dades seg\u00fcents:<\/p><ul data-start=\"468\" data-end=\"798\"><li data-start=\"468\" data-end=\"505\"><strong data-start=\"470\" data-end=\"482\">Titular:<\/strong> FARM\u00c0CIA MESTRE PUIG<\/li><li data-start=\"506\" data-end=\"538\"><strong data-start=\"508\" data-end=\"520\">CIF\/NIF:<\/strong> [N\u00famero fiscal]<\/li><li data-start=\"539\" data-end=\"578\"><strong data-start=\"541\" data-end=\"555\">Adre\u00e7a:<\/strong> [Direcci\u00f3n completa]<\/li><li data-start=\"579\" data-end=\"617\"><strong data-start=\"581\" data-end=\"594\">Tel\u00e8fon:<\/strong> [N\u00famero de contacto]<\/li><li data-start=\"618\" data-end=\"665\"><strong data-start=\"620\" data-end=\"643\">Correu electr\u00f2nic:<\/strong> [Email de contacto]<\/li><li data-start=\"666\" data-end=\"735\"><strong data-start=\"668\" data-end=\"701\">N\u00famero de Registre Sanitari:<\/strong> [Nombre de registre, si s&#8217;aplica]<\/li><li data-start=\"736\" data-end=\"763\"><strong data-start=\"738\" data-end=\"752\">Activitat:<\/strong> Farm\u00e0cia<\/li><li data-start=\"764\" data-end=\"798\"><strong data-start=\"766\" data-end=\"780\">Lloc web:<\/strong> [URL de la web]<\/li><\/ul><h2 data-start=\"800\" data-end=\"838\"><strong data-start=\"803\" data-end=\"838\">2. CONDICIONS GENERALS D&#8217;\u00daS<\/strong><\/h2><p data-start=\"840\" data-end=\"1167\">L&#8217;acc\u00e9s i l&#8217;\u00fas del lloc web  <strong data-start=\"870\" data-end=\"889\">[URL de la web]<\/strong>  atorguen la condici\u00f3 d&#8217;usuari, cosa que implica l&#8217;acceptaci\u00f3 plena i sense reserves de totes les disposicions incloses en aquest <strong data-start=\"1018\" data-end=\"1033\">Av\u00eds Legal<\/strong> . FARM\u00c0CIA MESTRE PUIG es reserva el dret de modificar aquest av\u00eds sense previ av\u00eds, per la qual cosa se&#8217;n recomana la revisi\u00f3 peri\u00f2dica. <\/p><h2 data-start=\"1169\" data-end=\"1196\"><strong data-start=\"1172\" data-end=\"1196\">3. \u00daS DEL LLOC WEB<\/strong><\/h2><p data-start=\"1198\" data-end=\"1512\">L&#8217;usuari es compromet a utilitzar el lloc web de manera adequada ia no fer-lo servir per a activitats il\u00b7l\u00edcites, fraudulentes o que puguin causar dany a tercers o afectar el funcionament del Web. Est\u00e0 prohibida la transmissi\u00f3 de continguts il\u00b7legals, amena\u00e7adors, ofensius o que infringeixin drets de tercers. <\/p><h2 data-start=\"1514\" data-end=\"1558\"><strong data-start=\"1517\" data-end=\"1558\">4. PROPIETAT INTEL\u00b7LECTUAL I INDUSTRIAL<\/strong><\/h2><p data-start=\"1560\" data-end=\"1890\">Tots els continguts d&#8217;aquest lloc web (textos, imatges, logotips, marques, estructura, disseny, etc.) estan protegits per la legislaci\u00f3 en mat\u00e8ria de <strong data-start=\"1713\" data-end=\"1751\">propietat intel\u00b7lectual i industrial<\/strong> . Queda prohibida la reproducci\u00f3, distribuci\u00f3, comunicaci\u00f3 p\u00fablica o transformaci\u00f3 sense l&#8217;autoritzaci\u00f3 expressa de FARM\u00c0CIA MESTRE PUIG. <\/p><h2 data-start=\"1892\" data-end=\"1930\"><strong data-start=\"1895\" data-end=\"1930\">5. EXCLUSI\u00d3 DE RESPONSABILITAT<\/strong><\/h2><p data-start=\"1932\" data-end=\"1979\">FARM\u00c0CIA MESTRE PUIG no es fa responsable de:<\/p><ul data-start=\"1981\" data-end=\"2264\"><li data-start=\"1981\" data-end=\"2067\">La interrupci\u00f3 o mal funcionament del lloc web per causes alienes al seu control.<\/li><li data-start=\"2068\" data-end=\"2137\">Lexist\u00e8ncia de virus o altres elements nocius al lloc web.<\/li><li data-start=\"2138\" data-end=\"2264\">Els enlla\u00e7os externs a llocs de tercers, el contingut dels quals i pol\u00edtiques s\u00f3n responsabilitat dels seus respectius propietaris.<\/li><\/ul><h2 data-start=\"2266\" data-end=\"2306\"><strong data-start=\"2269\" data-end=\"2306\">6. PROTECCI\u00d3 DE DADES PERSONALS<\/strong><\/h2><p data-start=\"2308\" data-end=\"2561\">El tractament de dades personals es regeix per la nostra <strong data-start=\"2363\" data-end=\"2389\">Pol\u00edtica de Privadesa<\/strong> , on es detallen els drets dels usuaris de conformitat amb el <strong data-start=\"2460\" data-end=\"2526\">Reglament General de Protecci\u00f3 de Dades (RGPD) (UE 2016\/679)<\/strong> i la normativa espanyola aplicable.<\/p><h2 data-start=\"2563\" data-end=\"2587\"><strong data-start=\"2566\" data-end=\"2587\">7. \u00daS DE COOKIES<\/strong><\/h2><p data-start=\"2589\" data-end=\"2730\">El lloc web utilitza <strong data-start=\"2610\" data-end=\"2621\">cookies<\/strong> per millorar lexperi\u00e8ncia de lusuari. Podeu consultar m\u00e9s informaci\u00f3 a la nostra <strong data-start=\"2706\" data-end=\"2729\">Pol\u00edtica de Cookies<\/strong> .<\/p><h2 data-start=\"2732\" data-end=\"2778\"><strong data-start=\"2735\" data-end=\"2778\">8. LEGISLACI\u00d3 APLICABLE I JURISDICCI\u00d3<\/strong><\/h2><p data-start=\"2780\" data-end=\"3079\">Aquest Av\u00eds Legal es regeix per la legislaci\u00f3 espanyola. Per resoldre qualsevol conflicte, les parts se sotmeten als jutjats i tribunals del domicili de l&#8217;usuari, sempre que aquest tingui la condici\u00f3 de consumidor. En cas contrari, el fur ser\u00e0 el de  <strong data-start=\"3051\" data-end=\"3078\">[ciudad de la farmacia]<\/strong>.<\/p>\t\t\t\t\t\t\t\t<\/div>\n\t\t\t\t<\/div>\n\t\t\t\t\t<\/div>\n\t\t<\/div>\n\t\t\t\t\t<\/div>\n\t\t<\/section>\n\t\t\t\t<\/div>\n\t\t","protected":false},"excerpt":{"rendered":"<p>Av\u00eds legal Inici Av\u00eds legal 1. IDENTIFICACI\u00d3 DEL TITULAR En compliment amb el que estableix la Llei 34\/2002, d&#8217;11 de juliol, de Serveis de la Societat de la Informaci\u00f3 i de Comer\u00e7 Electr\u00f2nic (LSSI-CE) , s&#8217;informa els usuaris de les dades seg\u00fcents: Titular: FARM\u00c0CIA MESTRE PUIG CIF\/NIF: [N\u00famero fiscal] Adre\u00e7a: [Direcci\u00f3n completa] Tel\u00e8fon: [N\u00famero de [&hellip;]<\/p>\n","protected":false},"author":1,"featured_media":0,"parent":0,"menu_order":0,"comment_status":"closed","ping_status":"closed","template":"page-templates\/home.php","meta":{"footnotes":""},"class_list":["post-17818","page","type-page","status-publish","hentry"],"_links":{"self":[{"href":"https:\/\/www.farmaciamestrepuig.com\/ca\/wp-json\/wp\/v2\/pages\/17818","targetHints":{"allow":["GET"]}}],"collection":[{"href":"https:\/\/www.farmaciamestrepuig.com\/ca\/wp-json\/wp\/v2\/pages"}],"about":[{"href":"https:\/\/www.farmaciamestrepuig.com\/ca\/wp-json\/wp\/v2\/types\/page"}],"author":[{"embeddable":true,"href":"https:\/\/www.farmaciamestrepuig.com\/ca\/wp-json\/wp\/v2\/users\/1"}],"replies":[{"embeddable":true,"href":"https:\/\/www.farmaciamestrepuig.com\/ca\/wp-json\/wp\/v2\/comments?post=17818"}],"version-history":[{"count":1,"href":"https:\/\/www.farmaciamestrepuig.com\/ca\/wp-json\/wp\/v2\/pages\/17818\/revisions"}],"predecessor-version":[{"id":17819,"href":"https:\/\/www.farmaciamestrepuig.com\/ca\/wp-json\/wp\/v2\/pages\/17818\/revisions\/17819"}],"wp:attachment":[{"href":"https:\/\/www.farmaciamestrepuig.com\/ca\/wp-json\/wp\/v2\/media?parent=17818"}],"curies":[{"name":"wp","href":"https:\/\/api.w.org\/{rel}","templated":true}]}}